{"id":24,"date":"2024-02-09T21:20:46","date_gmt":"2024-02-09T21:20:46","guid":{"rendered":"https:\/\/tamoa.mx\/\/?page_id=24"},"modified":"2024-05-20T17:02:07","modified_gmt":"2024-05-20T17:02:07","slug":"cookie-policy","status":"publish","type":"page","link":"https:\/\/tamoa.mx\/es\/cookie-policy\/","title":{"rendered":"Cookie Policy"},"content":{"rendered":"<p>Actualizado el 2024-02-02<\/p>\n<h1>Definiciones y t\u00e9rminos clave<\/h1>\n<p>Para ayudar a explicar lo m\u00e1s claramente posible en esta Pol\u00edtica de Cookies, cada vez que se hace referencia a cualquiera de estos t\u00e9rminos, se definen estrictamente como:<\/p>\n<ul>\n<li><strong>Cookie:<\/strong> peque\u00f1a cantidad de datos generados por un sitio web y guardados por su navegador web. Se utiliza para identificar su navegador, proporcionar an\u00e1lisis y recordar informaci\u00f3n sobre usted, como su preferencia de idioma o informaci\u00f3n de inicio de sesi\u00f3n.<\/li>\n<li><strong>Empresa:<\/strong> cuando esta pol\u00edtica menciona &#8220;Empresa&#8221;, &#8220;nosotros&#8221;, &#8220;nos&#8221; o &#8220;nuestro&#8221;, se refiere a TAMOA, que es responsable de su informaci\u00f3n seg\u00fan esta Pol\u00edtica de cookies.<\/li>\n<li><strong>Dispositivo:<\/strong> cualquier dispositivo conectado a Internet, como un tel\u00e9fono, tableta, computadora o cualquier otro dispositivo que pueda usarse para visitar TAMOA y utilizar los servicios.<\/li>\n<li><strong>Datos personales:<\/strong> cualquier informaci\u00f3n que directa, indirectamente o en conexi\u00f3n con otra informaci\u00f3n, incluido un n\u00famero de identificaci\u00f3n personal, permita la identificaci\u00f3n o identificabilidad de una persona f\u00edsica.<\/li>\n<li><strong>Servicio:<\/strong> se refiere al servicio proporcionado por TAMOA seg\u00fan lo descrito en los t\u00e9rminos relativos (si est\u00e1n disponibles) y en esta plataforma.<\/li>\n<li><strong>Servicio de terceros:<\/strong> se refiere a anunciantes, patrocinadores de concursos, socios promocionales y de marketing y otros que proporcionan nuestro contenido o cuyos productos o servicios creemos que pueden interesarle.<\/li>\n<li><strong>Sitio web:<\/strong> Sitio de TAMOA.&#8221;, al cual se puede acceder a trav\u00e9s de esta URL: tamoa.mx<\/li>\n<li><strong>Usted:<\/strong> una persona o entidad que est\u00e1 registrada en TAMOA para utilizar los Servicios.<\/li>\n<\/ul>\n<h1>Introducci\u00f3n<\/h1>\n<p>Esta Pol\u00edtica de cookies explica c\u00f3mo TAMOA y sus afiliados (colectivamente &#8220;TAMOA&#8221;, &#8220;nosotros&#8221;, &#8220;nos&#8221; y &#8220;nuestro&#8221;) utilizan cookies y tecnolog\u00edas similares para reconocerlo cuando visita nuestro sitio web, incluidos, entre otros, tamoa.mx y cualquier URL relacionada, versi\u00f3n m\u00f3vil o localizada y dominios\/subdominios relacionados (&#8220;Sitios web&#8221;). Explica qu\u00e9 son estas tecnolog\u00edas y por qu\u00e9 las utilizamos, as\u00ed como las opciones sobre c\u00f3mo controlarlas.<\/p>\n<h1>\u00bfQu\u00e9 es un cookie?<\/h1>\n<p>Una cookie es un peque\u00f1o archivo de texto que se almacena en su computadora u otro dispositivo conectado a Internet para identificar su navegador, proporcionar an\u00e1lisis, recordar informaci\u00f3n sobre usted, como su preferencia de idioma o informaci\u00f3n de inicio de sesi\u00f3n. Son completamente seguros y no pueden usarse para ejecutar programas ni enviar virus a su dispositivo.<\/p>\n<h1>\u00bfPor qu\u00e9 utilizamos cookies?<\/h1>\n<p>Utilizamos cookies propias y\/o de terceros en nuestro sitio web para diversos fines tales como:<\/p>\n<ul>\n<li>Para facilitar el funcionamiento y funcionalidad de nuestro sitio web;<\/li>\n<li>Para mejorar su experiencia en nuestro sitio web y hacer que la navegaci\u00f3n por \u00e9l sea m\u00e1s r\u00e1pida y sencilla;<\/li>\n<li>Para permitirnos crear una experiencia de usuario personalizada para usted y para que podamos entender qu\u00e9 es \u00fatil o de inter\u00e9s para usted;<\/li>\n<li>Para analizar c\u00f3mo se utiliza nuestro sitio web y c\u00f3mo podemos personalizarlo mejor;<\/li>\n<li>Identificar prospectos futuros y personalizar las interacciones de marketing y ventas con ellos;<\/li>\n<li>Para facilitar la adaptaci\u00f3n de la publicidad online a sus intereses.<\/li>\n<li>\u00bfQu\u00e9 tipo de cookies utiliza TAMOA?<\/li>\n<\/ul>\n<p>Las cookies pueden ser cookies de sesi\u00f3n o cookies persistentes. Una cookie de sesi\u00f3n caduca autom\u00e1ticamente cuando cierra su navegador. Una cookie persistente permanecer\u00e1 hasta que caduque o usted elimine sus cookies. Las fechas de caducidad se establecen en las propias cookies; algunos pueden caducar despu\u00e9s de unos minutos, mientras que otros pueden caducar despu\u00e9s de varios a\u00f1os. Las cookies colocadas por el sitio web que est\u00e1 visitando se denominan &#8220;cookies de origen&#8221;.<\/p>\n<p>Las cookies estrictamente necesarias son necesarias para que nuestro sitio web funcione y no se pueden desactivar en nuestros sistemas. Son esenciales para permitirle navegar por el sitio web y utilizar sus funciones. Si elimina o desactiva estas cookies, no podemos garantizar que podr\u00e1 utilizar nuestro sitio web.<\/p>\n<h1>Utilizamos los siguientes tipos de cookies en nuestro sitio web:<\/h1>\n<p>Descargo de responsabilidad sobre errores y omisiones<\/p>\n<p>TAMOA no es responsable de ning\u00fan contenido, c\u00f3digo o cualquier otra imprecisi\u00f3n.<\/p>\n<p>TAMOA no ofrece garant\u00edas ni garant\u00edas.<\/p>\n<p>En ning\u00fan caso TAMOA ser\u00e1 responsable de ning\u00fan da\u00f1o especial, directo, indirecto, consecuente o incidental o de cualquier da\u00f1o, ya sea en una acci\u00f3n de contrato, negligencia u otro agravio, que surja de o en conexi\u00f3n con el uso del Servicio o el contenido del Servicio. TAMOA se reserva el derecho de realizar adiciones, eliminaciones o modificaciones al contenido del Servicio en cualquier momento sin previo aviso.<\/p>\n<h1>Descargo de responsabilidad general<\/h1>\n<p>El Servicio TAMOA y su contenido se proporcionan &#8220;tal cual&#8221; y &#8220;seg\u00fan disponibilidad&#8221; sin ninguna garant\u00eda ni representaci\u00f3n de ning\u00fan tipo, ya sea expresa o impl\u00edcita. TAMOA es distribuidor y no editor de contenidos suministrados por terceros; como tal, TAMOA no ejerce control editorial sobre dicho contenido y no ofrece ninguna garant\u00eda o representaci\u00f3n en cuanto a la exactitud, confiabilidad o actualidad de cualquier informaci\u00f3n, contenido, servicio o mercanc\u00eda proporcionada o accesible a trav\u00e9s del Servicio TAMOA. Sin limitar lo anterior, TAMOA renuncia espec\u00edficamente a todas las garant\u00edas y representaciones en cualquier contenido transmitido en o en conexi\u00f3n con el Servicio TAMOA o en sitios que puedan aparecer como enlaces en el Servicio TAMOA, o en los productos proporcionados como parte de, o de otro modo en conexi\u00f3n con el Servicio TAMOA, incluyendo, entre otras, cualquier garant\u00eda de comerciabilidad, idoneidad para un prop\u00f3sito particular o no infracci\u00f3n de derechos de terceros. Ning\u00fan consejo oral o informaci\u00f3n escrita proporcionada por TAMOA o cualquiera de sus afiliados, empleados, funcionarios, directores, agentes o similares crear\u00e1 una garant\u00eda. La informaci\u00f3n sobre precios y disponibilidad est\u00e1 sujeta a cambios sin previo aviso. Sin limitar lo anterior, TAMOA no garantiza que el Servicio TAMOA ser\u00e1 ininterrumpido, incorrupto, oportuno o libre de errores.<\/p>\n<h1>Cookies esenciales<\/h1>\n<p>Utilizamos cookies esenciales para que nuestro sitio web funcione. Estas cookies son estrictamente necesarias para habilitar funciones b\u00e1sicas como la seguridad, la administraci\u00f3n de la red, sus preferencias de cookies y la accesibilidad. Sin ellos no podr\u00edas utilizar los servicios b\u00e1sicos. Puede desactivarlos cambiando la configuraci\u00f3n de su navegador, pero esto puede afectar el funcionamiento de los sitios web.<\/p>\n<h1>Cookies de rendimiento y funcionalidad<\/h1>\n<p>Estas cookies se utilizan para mejorar el rendimiento y la funcionalidad de nuestro sitio web, pero no son esenciales para su uso. Sin embargo, sin estas cookies, es posible que determinadas funciones, como los v\u00eddeos, no est\u00e9n disponibles o que se le solicite que introduzca sus datos de inicio de sesi\u00f3n cada vez que visite el sitio web, ya que no podremos recordar que ha iniciado sesi\u00f3n anteriormente.<\/p>\n<h1>Cookies de marketing<\/h1>\n<p>Estas cookies de marketing basadas en cuentas nos permiten identificar prospectos futuros y personalizar las interacciones de ventas y marketing con ellos.<\/p>\n<h1>Cookies de an\u00e1lisis y personalizaci\u00f3n<\/h1>\n<p>Estas cookies recopilan informaci\u00f3n que se utiliza para ayudarnos a comprender c\u00f3mo se utiliza nuestro sitio web o qu\u00e9 tan efectivas son nuestras campa\u00f1as de marketing, o para ayudarnos a personalizar nuestro sitio web para usted.<\/p>\n<p>Utilizamos cookies proporcionadas por Google Analytics para recopilar datos limitados directamente de los navegadores de los usuarios finales para permitirnos comprender mejor su uso de nuestro sitio web. Puede encontrar m\u00e1s informaci\u00f3n sobre c\u00f3mo Google recopila y utiliza estos datos en:\u00a0https:\/\/www.google.com\/policies\/privacy\/partners\/. Puede optar por no recibir todos los an\u00e1lisis admitidos por Google en nuestros sitios web visitando:\u00a0https:\/\/tools.google.com\/dlpage\/gaoptout.<\/p>\n<h1>\u00bfC\u00f3mo se pueden gestionar las cookies?<\/h1>\n<p>La mayor\u00eda de los navegadores le permiten controlar las cookies a trav\u00e9s de sus preferencias de &#8216;configuraci\u00f3n&#8217;. Sin embargo, si limita la capacidad de los sitios web para configurar cookies, puede empeorar su experiencia general de usuario, ya que ya no estar\u00e1 personalizada para usted. Tambi\u00e9n puede impedirle guardar configuraciones personalizadas, como la informaci\u00f3n de inicio de sesi\u00f3n. Los fabricantes de navegadores proporcionan p\u00e1ginas de ayuda relacionadas con la gesti\u00f3n de cookies en sus productos.<\/p>\n<p>Los fabricantes de navegadores proporcionan p\u00e1ginas de ayuda relacionadas con la gesti\u00f3n de cookies en sus productos. Consulte a continuaci\u00f3n para obtener m\u00e1s informaci\u00f3n.<\/p>\n<ul>\n<li>Google Chrome<\/li>\n<li>Internet Explorer<\/li>\n<li>Mozilla Firefox<\/li>\n<li>Safari (escritorio)<\/li>\n<li>Safari (M\u00f3vil)<\/li>\n<li>Navegador de Android<\/li>\n<li>Opera<\/li>\n<li>Opera m\u00f3vil<\/li>\n<\/ul>\n<h1>Bloquear y deshabilitar cookies y tecnolog\u00edas similares<\/h1>\n<p>Donde quiera que est\u00e9, tambi\u00e9n puede configurar su navegador para bloquear cookies y tecnolog\u00edas similares, pero esta acci\u00f3n puede bloquear nuestras cookies esenciales e impedir que nuestro sitio web funcione correctamente, y es posible que no pueda utilizar todas sus funciones y servicios en su totalidad. Tambi\u00e9n debe tener en cuenta que tambi\u00e9n puede perder cierta informaci\u00f3n guardada (por ejemplo, detalles de inicio de sesi\u00f3n guardados, preferencias del sitio) si bloquea las cookies en su navegador. Diferentes navegadores ponen a su disposici\u00f3n diferentes controles. Deshabilitar una cookie o categor\u00eda de cookie no elimina la cookie de su navegador; deber\u00e1 hacerlo usted mismo desde su navegador; debe visitar el men\u00fa de ayuda de su navegador para obtener m\u00e1s informaci\u00f3n.<\/p>\n<h1>Cambios en nuestra pol\u00edtica de cookies<\/h1>\n<p>Podemos cambiar nuestro Servicio y nuestras pol\u00edticas, y es posible que necesitemos realizar cambios en esta Pol\u00edtica de cookies para que reflejen con precisi\u00f3n nuestro Servicio y nuestras pol\u00edticas. A menos que la ley exija lo contrario, le notificaremos (por ejemplo, a trav\u00e9s de nuestro Servicio) antes de realizar cambios en esta Pol\u00edtica de cookies y le daremos la oportunidad de revisarlos antes de que entren en vigor. Luego, si contin\u00faa utilizando el Servicio, estar\u00e1 sujeto a la Pol\u00edtica de cookies actualizada. Si no desea aceptar esta o cualquier Pol\u00edtica de cookies actualizada, puede eliminar su cuenta.<\/p>\n<h1>Su consentimiento<\/h1>\n<p>Al utilizar nuestro sitio web, registrar una cuenta o realizar una compra, por la presente usted acepta nuestra Pol\u00edtica de cookies y acepta sus t\u00e9rminos.<\/p>\n<h1>Cont\u00e1ctenos<\/h1>\n<p>No dude en ponerse en contacto con nosotros si tiene alguna pregunta sobre nuestra Pol\u00edtica de Cookies.<\/p>\n<ul>\n<li>Por correo electr\u00f3nico: <a href=\"mailto:info@tamoa.mx\">info@tamoa.mx<\/a><\/li>\n<\/ul>\n<p><\/p>","protected":false},"excerpt":{"rendered":"<p>Actualizado el 2024-02-02 Definiciones y t\u00e9rminos clave Para ayudar a explicar lo m\u00e1s claramente posible en esta Pol\u00edtica de Cookies, cada vez que se hace referencia a cualquiera de estos t\u00e9rminos, se definen estrictamente como: Cookie: peque\u00f1a cantidad de datos generados por un sitio web y guardados por su navegador web. Se utiliza para identificar &hellip; <a href=\"https:\/\/tamoa.mx\/es\/cookie-policy\/\" class=\"more-link\">Continue reading <span class=\"screen-reader-text\">Cookie Policy<\/span><\/a><\/p>\n","protected":false},"author":1,"featured_media":0,"parent":0,"menu_order":9,"comment_status":"closed","ping_status":"closed","template":"templates\/template_legal.php","meta":{"inline_featured_image":false,"footnotes":""},"class_list":["post-24","page","type-page","status-publish","hentry"],"_links":{"self":[{"href":"https:\/\/tamoa.mx\/es\/wp-json\/wp\/v2\/pages\/24","targetHints":{"allow":["GET"]}}],"collection":[{"href":"https:\/\/tamoa.mx\/es\/wp-json\/wp\/v2\/pages"}],"about":[{"href":"https:\/\/tamoa.mx\/es\/wp-json\/wp\/v2\/types\/page"}],"author":[{"embeddable":true,"href":"https:\/\/tamoa.mx\/es\/wp-json\/wp\/v2\/users\/1"}],"replies":[{"embeddable":true,"href":"https:\/\/tamoa.mx\/es\/wp-json\/wp\/v2\/comments?post=24"}],"version-history":[{"count":6,"href":"https:\/\/tamoa.mx\/es\/wp-json\/wp\/v2\/pages\/24\/revisions"}],"predecessor-version":[{"id":1582,"href":"https:\/\/tamoa.mx\/es\/wp-json\/wp\/v2\/pages\/24\/revisions\/1582"}],"wp:attachment":[{"href":"https:\/\/tamoa.mx\/es\/wp-json\/wp\/v2\/media?parent=24"}],"curies":[{"name":"wp","href":"https:\/\/api.w.org\/{rel}","templated":true}]}}