{"id":91,"date":"2024-02-10T23:40:37","date_gmt":"2024-02-10T23:40:37","guid":{"rendered":"https:\/\/tamoa.mx\/\/?page_id=91"},"modified":"2026-02-04T15:57:32","modified_gmt":"2026-02-04T15:57:32","slug":"other-latitudes","status":"publish","type":"page","link":"https:\/\/tamoa.mx\/es\/other-latitudes\/","title":{"rendered":"Otras Regiones"},"content":{"rendered":"<p><\/p>\n<h1>M\u00c9XICO<\/h1>\n<h2>Env\u00edanos un mensaje por <a href=\"https:\/\/wa.link\/5kcjtt\">WhatsApp<\/a> para conocer nuestro cat\u00e1logo en M\u00e9xico y realizar tu pedido.<\/h2>\n<h1>REST OF THE WORLD<\/h1>\n<h2>Por favor env\u00eda tu solicitud a <a href=\"mailto:orders@tamoa.mx\">orders@tamoa.mx<\/a>. Los pedidos desde Europa se procesan a trav\u00e9s de nuestro distribuidor Natoora, con gusto te pondremos en contacto con ellos.<\/h2>\n<p><\/p>","protected":false},"excerpt":{"rendered":"<p>M\u00c9XICO Env\u00edanos un mensaje por WhatsApp para conocer nuestro cat\u00e1logo en M\u00e9xico y realizar tu pedido. REST OF THE WORLD Por favor env\u00eda tu solicitud a orders@tamoa.mx. Los pedidos desde Europa se procesan a trav\u00e9s de nuestro distribuidor Natoora, con gusto te pondremos en contacto con ellos.<\/p>\n","protected":false},"author":1,"featured_media":112,"parent":0,"menu_order":4,"comment_status":"closed","ping_status":"closed","template":"templates\/template_europe.php","meta":{"inline_featured_image":false,"footnotes":""},"class_list":["post-91","page","type-page","status-publish","has-post-thumbnail","hentry"],"_links":{"self":[{"href":"https:\/\/tamoa.mx\/es\/wp-json\/wp\/v2\/pages\/91","targetHints":{"allow":["GET"]}}],"collection":[{"href":"https:\/\/tamoa.mx\/es\/wp-json\/wp\/v2\/pages"}],"about":[{"href":"https:\/\/tamoa.mx\/es\/wp-json\/wp\/v2\/types\/page"}],"author":[{"embeddable":true,"href":"https:\/\/tamoa.mx\/es\/wp-json\/wp\/v2\/users\/1"}],"replies":[{"embeddable":true,"href":"https:\/\/tamoa.mx\/es\/wp-json\/wp\/v2\/comments?post=91"}],"version-history":[{"count":31,"href":"https:\/\/tamoa.mx\/es\/wp-json\/wp\/v2\/pages\/91\/revisions"}],"predecessor-version":[{"id":2993,"href":"https:\/\/tamoa.mx\/es\/wp-json\/wp\/v2\/pages\/91\/revisions\/2993"}],"wp:featuredmedia":[{"embeddable":true,"href":"https:\/\/tamoa.mx\/es\/wp-json\/wp\/v2\/media\/112"}],"wp:attachment":[{"href":"https:\/\/tamoa.mx\/es\/wp-json\/wp\/v2\/media?parent=91"}],"curies":[{"name":"wp","href":"https:\/\/api.w.org\/{rel}","templated":true}]}}