{"id":1053,"date":"2024-04-17T20:13:17","date_gmt":"2024-04-17T20:13:17","guid":{"rendered":"https:\/\/tamoa.mx\/?post_type=product&#038;p=1053"},"modified":"2026-04-13T21:01:20","modified_gmt":"2026-04-13T21:01:20","slug":"eh-hub-morado","status":"publish","type":"product","link":"https:\/\/tamoa.mx\/es\/product\/eh-hub-morado\/","title":{"rendered":"Eh Hub Morado"},"content":{"rendered":"<p><\/p>\n<ul class=\"ul1\">\n<li><strong>Varietal:<\/strong> Eh Hub<\/li>\n<li><strong>Color:<\/strong> Morado<\/li>\n<li><strong>Peso neto por costal:<\/strong> 55.11 lb \/ 25 kg<\/li>\n<li><strong>Origen:<\/strong> Calakmul, Hopelchen y Tenabo en Campeche, Chacsink\u00edn, Opich\u00e9n, Peto, Santa Elena, Sotuta, Tahdzi\u00fa, Tixcacalcupul, Tixm\u00e9huac, Tzucacab y Yaxcab\u00e1 en Yucat\u00e1n<\/li>\n<li><strong>Familias:<\/strong> colectivo Traspatio Maya<\/li>\n<li><strong>Usos tradicionales:<\/strong> cha chac, wajicol, pozole, tortillas, sac c\u00e1, masa, atole, tostada, panucho, salbut, chimole<\/li>\n<\/ul>\n<p><\/p>","protected":false},"excerpt":{"rendered":"<p>Varietal: Eh Hub Color: Morado Peso neto por costal: 55.11 lb \/ 25 kg Origen: Calakmul, Hopelchen y Tenabo en Campeche, Chacsink\u00edn, Opich\u00e9n, Peto, Santa Elena, Sotuta, Tahdzi\u00fa, Tixcacalcupul, Tixm\u00e9huac, Tzucacab y Yaxcab\u00e1 en Yucat\u00e1n Familias: colectivo Traspatio Maya Usos tradicionales: cha chac, wajicol, pozole, tortillas, sac c\u00e1, masa, atole, tostada, panucho, salbut, chimole<\/p>\n","protected":false},"featured_media":1054,"template":"","meta":{"inline_featured_image":false},"product_cat":[19],"product_tag":[],"color":[57],"region":[44],"use":[32,33],"varietal":[67],"class_list":{"0":"post-1053","1":"product","2":"type-product","3":"status-publish","4":"has-post-thumbnail","6":"product_cat-corn","7":"color-purple","8":"region-usa_ca","9":"use-tortillas","10":"use-other-masa-dishes-tlayudas-gorditas-memelas-tostadas-sopes-tlacoyos","11":"varietal-eh-hub","13":"first","14":"instock","15":"shipping-taxable","16":"purchasable","17":"product-type-simple"},"_links":{"self":[{"href":"https:\/\/tamoa.mx\/es\/wp-json\/wp\/v2\/product\/1053","targetHints":{"allow":["GET"]}}],"collection":[{"href":"https:\/\/tamoa.mx\/es\/wp-json\/wp\/v2\/product"}],"about":[{"href":"https:\/\/tamoa.mx\/es\/wp-json\/wp\/v2\/types\/product"}],"wp:featuredmedia":[{"embeddable":true,"href":"https:\/\/tamoa.mx\/es\/wp-json\/wp\/v2\/media\/1054"}],"wp:attachment":[{"href":"https:\/\/tamoa.mx\/es\/wp-json\/wp\/v2\/media?parent=1053"}],"wp:term":[{"taxonomy":"product_cat","embeddable":true,"href":"https:\/\/tamoa.mx\/es\/wp-json\/wp\/v2\/product_cat?post=1053"},{"taxonomy":"product_tag","embeddable":true,"href":"https:\/\/tamoa.mx\/es\/wp-json\/wp\/v2\/product_tag?post=1053"},{"taxonomy":"color","embeddable":true,"href":"https:\/\/tamoa.mx\/es\/wp-json\/wp\/v2\/color?post=1053"},{"taxonomy":"region","embeddable":true,"href":"https:\/\/tamoa.mx\/es\/wp-json\/wp\/v2\/region?post=1053"},{"taxonomy":"use","embeddable":true,"href":"https:\/\/tamoa.mx\/es\/wp-json\/wp\/v2\/use?post=1053"},{"taxonomy":"varietal","embeddable":true,"href":"https:\/\/tamoa.mx\/es\/wp-json\/wp\/v2\/varietal?post=1053"}],"curies":[{"name":"wp","href":"https:\/\/api.w.org\/{rel}","templated":true}]}}