{"id":1078,"date":"2024-04-18T21:35:03","date_gmt":"2024-04-18T21:35:03","guid":{"rendered":"https:\/\/tamoa.mx\/?post_type=product&#038;p=1078"},"modified":"2026-03-26T18:17:26","modified_gmt":"2026-03-26T18:17:26","slug":"chac-chob-rojo","status":"publish","type":"product","link":"https:\/\/tamoa.mx\/es\/product\/chac-chob-rojo\/","title":{"rendered":"Chac Chob Rojo"},"content":{"rendered":"<p><\/p>\n<ul class=\"ul1\">\n<li><strong>Varietal:<\/strong> Chac Chob<\/li>\n<li><strong>Color:<\/strong> Rojo<\/li>\n<li><strong>Peso neto por costal:<\/strong> 55.11 lb \/ 25 kg<\/li>\n<li><strong>Origen:<\/strong> Calakmul y Tenabo en Campeche, Tzucacab, Yaxcab\u00e1, Chacsink\u00edn, Maxcan\u00fa, Tixcacalcupul, Sotuta, Peto y Tixm\u00e9huac en Yucat\u00e1n<\/li>\n<li><strong>Familias:<\/strong> colectivo Traspatio Maya<\/li>\n<li><strong>Usos tradicionales:<\/strong> cha chac, wajicol, pozole, tortillas, sac c\u00e1, masa, atole, tostada, panucho, salbut, chimole<\/li>\n<\/ul>\n<p><\/p>","protected":false},"excerpt":{"rendered":"<p>Varietal: Chac Chob Color: Rojo Peso neto por costal: 55.11 lb \/ 25 kg Origen: Calakmul y Tenabo en Campeche, Tzucacab, Yaxcab\u00e1, Chacsink\u00edn, Maxcan\u00fa, Tixcacalcupul, Sotuta, Peto y Tixm\u00e9huac en Yucat\u00e1n Familias: colectivo Traspatio Maya Usos tradicionales: cha chac, wajicol, pozole, tortillas, sac c\u00e1, masa, atole, tostada, panucho, salbut, chimole<\/p>\n","protected":false},"featured_media":1079,"template":"","meta":{"inline_featured_image":false},"product_cat":[19],"product_tag":[],"color":[54],"region":[44],"use":[32,33,36],"varietal":[69],"class_list":{"0":"post-1078","1":"product","2":"type-product","3":"status-publish","4":"has-post-thumbnail","6":"product_cat-corn","7":"color-red","8":"region-usa_ca","9":"use-tortillas","10":"use-other-masa-dishes-tlayudas-gorditas-memelas-tostadas-sopes-tlacoyos","11":"use-drinks-atole-pinole-tejate-champurrado","12":"varietal-chac-chob","14":"first","15":"instock","16":"shipping-taxable","17":"purchasable","18":"product-type-simple"},"_links":{"self":[{"href":"https:\/\/tamoa.mx\/es\/wp-json\/wp\/v2\/product\/1078","targetHints":{"allow":["GET"]}}],"collection":[{"href":"https:\/\/tamoa.mx\/es\/wp-json\/wp\/v2\/product"}],"about":[{"href":"https:\/\/tamoa.mx\/es\/wp-json\/wp\/v2\/types\/product"}],"wp:featuredmedia":[{"embeddable":true,"href":"https:\/\/tamoa.mx\/es\/wp-json\/wp\/v2\/media\/1079"}],"wp:attachment":[{"href":"https:\/\/tamoa.mx\/es\/wp-json\/wp\/v2\/media?parent=1078"}],"wp:term":[{"taxonomy":"product_cat","embeddable":true,"href":"https:\/\/tamoa.mx\/es\/wp-json\/wp\/v2\/product_cat?post=1078"},{"taxonomy":"product_tag","embeddable":true,"href":"https:\/\/tamoa.mx\/es\/wp-json\/wp\/v2\/product_tag?post=1078"},{"taxonomy":"color","embeddable":true,"href":"https:\/\/tamoa.mx\/es\/wp-json\/wp\/v2\/color?post=1078"},{"taxonomy":"region","embeddable":true,"href":"https:\/\/tamoa.mx\/es\/wp-json\/wp\/v2\/region?post=1078"},{"taxonomy":"use","embeddable":true,"href":"https:\/\/tamoa.mx\/es\/wp-json\/wp\/v2\/use?post=1078"},{"taxonomy":"varietal","embeddable":true,"href":"https:\/\/tamoa.mx\/es\/wp-json\/wp\/v2\/varietal?post=1078"}],"curies":[{"name":"wp","href":"https:\/\/api.w.org\/{rel}","templated":true}]}}