{"id":1097,"date":"2024-04-22T22:16:40","date_gmt":"2024-04-22T22:16:40","guid":{"rendered":"https:\/\/tamoa.mx\/?post_type=product&#038;p=1097"},"modified":"2025-11-25T19:41:40","modified_gmt":"2025-11-25T19:41:40","slug":"frijol-negro-2","status":"publish","type":"product","link":"https:\/\/tamoa.mx\/es\/product\/frijol-negro-2\/","title":{"rendered":"Frijol Negro"},"content":{"rendered":"<p><\/p>\n<ul>\n<li><strong>Varietal:<\/strong> Negro<\/li>\n<li><strong>C<\/strong><strong>olor:<\/strong> negro<\/li>\n<li><strong>Peso neto por costal:<\/strong> 15 kg<\/li>\n<li><strong>Origen:<\/strong> Ixtenco, Tlaxcala<\/li>\n<li><strong>Familias:<\/strong> Cajero Cervantes, Angoa Garc\u00eda, Angoa &amp; Gonz\u00e1lez, Angoa Dom\u00ednguez, Hern\u00e1ndez Vargas<\/li>\n<li><strong>Usos tradicionales:<\/strong> frijoles refritos, frijoles de olla con nopales y epazote, frijoles con cilantro, tlatloyos con hoja de aguacate<\/li>\n<\/ul>\n<p><\/p>","protected":false},"excerpt":{"rendered":"<p>Varietal: Negro Color: negro Peso neto por costal: 15 kg Origen: Ixtenco, Tlaxcala Familias: Cajero Cervantes, Angoa Garc\u00eda, Angoa &amp; Gonz\u00e1lez, Angoa Dom\u00ednguez, Hern\u00e1ndez Vargas Usos tradicionales: frijoles refritos, frijoles de olla con nopales y epazote, frijoles con cilantro, tlatloyos con hoja de aguacate<\/p>\n","protected":false},"featured_media":1098,"template":"","meta":{"inline_featured_image":false},"product_cat":[20],"product_tag":[],"color":[51],"region":[44,45],"use":[],"varietal":[],"class_list":{"0":"post-1097","1":"product","2":"type-product","3":"status-publish","4":"has-post-thumbnail","6":"product_cat-bean","7":"color-black","8":"region-usa_ca","9":"region-mexico","11":"first","12":"outofstock","13":"shipping-taxable","14":"purchasable","15":"product-type-simple"},"_links":{"self":[{"href":"https:\/\/tamoa.mx\/es\/wp-json\/wp\/v2\/product\/1097","targetHints":{"allow":["GET"]}}],"collection":[{"href":"https:\/\/tamoa.mx\/es\/wp-json\/wp\/v2\/product"}],"about":[{"href":"https:\/\/tamoa.mx\/es\/wp-json\/wp\/v2\/types\/product"}],"wp:featuredmedia":[{"embeddable":true,"href":"https:\/\/tamoa.mx\/es\/wp-json\/wp\/v2\/media\/1098"}],"wp:attachment":[{"href":"https:\/\/tamoa.mx\/es\/wp-json\/wp\/v2\/media?parent=1097"}],"wp:term":[{"taxonomy":"product_cat","embeddable":true,"href":"https:\/\/tamoa.mx\/es\/wp-json\/wp\/v2\/product_cat?post=1097"},{"taxonomy":"product_tag","embeddable":true,"href":"https:\/\/tamoa.mx\/es\/wp-json\/wp\/v2\/product_tag?post=1097"},{"taxonomy":"color","embeddable":true,"href":"https:\/\/tamoa.mx\/es\/wp-json\/wp\/v2\/color?post=1097"},{"taxonomy":"region","embeddable":true,"href":"https:\/\/tamoa.mx\/es\/wp-json\/wp\/v2\/region?post=1097"},{"taxonomy":"use","embeddable":true,"href":"https:\/\/tamoa.mx\/es\/wp-json\/wp\/v2\/use?post=1097"},{"taxonomy":"varietal","embeddable":true,"href":"https:\/\/tamoa.mx\/es\/wp-json\/wp\/v2\/varietal?post=1097"}],"curies":[{"name":"wp","href":"https:\/\/api.w.org\/{rel}","templated":true}]}}