{"id":202,"date":"2024-02-19T00:05:25","date_gmt":"2024-02-19T00:05:25","guid":{"rendered":"https:\/\/tamoa.mx\/\/?post_type=product&#038;p=202"},"modified":"2026-03-20T17:26:23","modified_gmt":"2026-03-20T17:26:23","slug":"chocolate","status":"publish","type":"product","link":"https:\/\/tamoa.mx\/es\/product\/chocolate\/","title":{"rendered":"Chocolate Tradicional"},"content":{"rendered":"<p><\/p>\n<ul>\n<li><strong>Ingredientes:<\/strong> 60% Cacao, 40% Piloncillo, Vainilla natural<\/li>\n<li><strong>Peso neto por caja:<\/strong> 2.2 lb \/ 1 kg<\/li>\n<li><strong>Proceso del cacao:<\/strong> 50% sin fermentar, 50% fermentado (168 horas) y secado al sol<\/li>\n<li><strong>Chocolateros:<\/strong> <a href=\"https:\/\/www.instagram.com\/larifachocolateria\/?hl=en\">La Rifa Chocolater\u00eda<\/a><\/li>\n<li><strong>Productores de cacao:<\/strong> Familia Jim\u00e9nez<\/li>\n<li><strong>Usos tradicionales:<\/strong> bebidas fr\u00edas o caliente<\/li>\n<\/ul>\n<p><\/p>","protected":false},"excerpt":{"rendered":"<p>Ingredientes: 60% Cacao, 40% Piloncillo, Vainilla natural Peso neto por caja: 2.2 lb \/ 1 kg Proceso del cacao: 50% sin fermentar, 50% fermentado (168 horas) y secado al sol Chocolateros: La Rifa Chocolater\u00eda Productores de cacao: Familia Jim\u00e9nez Usos tradicionales: bebidas fr\u00edas o caliente<\/p>\n","protected":false},"featured_media":1364,"template":"","meta":{"inline_featured_image":false},"product_cat":[22],"product_tag":[],"color":[41],"region":[44],"use":[],"varietal":[],"class_list":{"0":"post-202","1":"product","2":"type-product","3":"status-publish","4":"has-post-thumbnail","6":"product_cat-chocolate","7":"color-brown","8":"region-usa_ca","10":"first","11":"outofstock","12":"shipping-taxable","13":"purchasable","14":"product-type-simple"},"_links":{"self":[{"href":"https:\/\/tamoa.mx\/es\/wp-json\/wp\/v2\/product\/202","targetHints":{"allow":["GET"]}}],"collection":[{"href":"https:\/\/tamoa.mx\/es\/wp-json\/wp\/v2\/product"}],"about":[{"href":"https:\/\/tamoa.mx\/es\/wp-json\/wp\/v2\/types\/product"}],"wp:featuredmedia":[{"embeddable":true,"href":"https:\/\/tamoa.mx\/es\/wp-json\/wp\/v2\/media\/1364"}],"wp:attachment":[{"href":"https:\/\/tamoa.mx\/es\/wp-json\/wp\/v2\/media?parent=202"}],"wp:term":[{"taxonomy":"product_cat","embeddable":true,"href":"https:\/\/tamoa.mx\/es\/wp-json\/wp\/v2\/product_cat?post=202"},{"taxonomy":"product_tag","embeddable":true,"href":"https:\/\/tamoa.mx\/es\/wp-json\/wp\/v2\/product_tag?post=202"},{"taxonomy":"color","embeddable":true,"href":"https:\/\/tamoa.mx\/es\/wp-json\/wp\/v2\/color?post=202"},{"taxonomy":"region","embeddable":true,"href":"https:\/\/tamoa.mx\/es\/wp-json\/wp\/v2\/region?post=202"},{"taxonomy":"use","embeddable":true,"href":"https:\/\/tamoa.mx\/es\/wp-json\/wp\/v2\/use?post=202"},{"taxonomy":"varietal","embeddable":true,"href":"https:\/\/tamoa.mx\/es\/wp-json\/wp\/v2\/varietal?post=202"}],"curies":[{"name":"wp","href":"https:\/\/api.w.org\/{rel}","templated":true}]}}