{"id":2056,"date":"2024-10-09T22:23:55","date_gmt":"2024-10-09T22:23:55","guid":{"rendered":"https:\/\/tamoa.mx\/?post_type=product&#038;p=2056"},"modified":"2026-03-11T02:58:31","modified_gmt":"2026-03-11T02:58:31","slug":"santa-rosa-cream","status":"publish","type":"product","link":"https:\/\/tamoa.mx\/es\/product\/santa-rosa-cream\/","title":{"rendered":"Santa Rosa Cremoso"},"content":{"rendered":"<p><\/p>\n<ul class=\"ul1\">\n<li><strong>Varietal:<\/strong> Santa Rosa<\/li>\n<li><strong>Color:<\/strong> Cremoso<\/li>\n<li><strong>Peso neto por costal:<\/strong> 55.11 lb \/ 25 kg<\/li>\n<li><strong>Origen:<\/strong> Opich\u00e9n y Santa Elena, Yucat\u00e1n<\/li>\n<li><strong>Familias:<\/strong> colectivo Traspatio Maya<\/li>\n<li><strong>Usos tradicionales:<\/strong> cha chac, wajicol, pozole, tortillas, sac c\u00e1, masa, atole, tostada, panucho, salbut, chimole<\/li>\n<\/ul>\n<ul class=\"ul1\">\n<li><strong>Varietal:<\/strong> Santa Rosa<\/li>\n<li><strong>Color:<\/strong> Cremoso<\/li>\n<li><strong>Peso neto por costal:<\/strong> 55.11 lb \/ 25 kg<\/li>\n<li><strong>Origen:<\/strong> Opich\u00e9n y Santa Elena, Yucat\u00e1n<\/li>\n<li><strong>Familias:<\/strong> colectivo Traspatio Maya<\/li>\n<li><strong>Usos tradicionales:<\/strong> cha chac, wajicol, pozole, tortillas, sac c\u00e1, masa, atole, tostada, panucho, salbut, chimole<\/li>\n<\/ul>\n<p><\/p>","protected":false},"excerpt":{"rendered":"<p>Varietal: Santa Rosa Color: Cremoso Peso neto por costal: 55.11 lb \/ 25 kg Origen: Opich\u00e9n y Santa Elena, Yucat\u00e1n Familias: colectivo Traspatio Maya Usos tradicionales: cha chac, wajicol, pozole, tortillas, sac c\u00e1, masa, atole, tostada, panucho, salbut, chimole Varietal: Santa Rosa Color: Cremoso Peso neto por costal: 55.11 lb \/ 25 kg Origen: Opich\u00e9n &hellip; <a href=\"https:\/\/tamoa.mx\/es\/product\/santa-rosa-cream\/\" class=\"more-link\">Continue reading <span class=\"screen-reader-text\">Santa Rosa Cremoso<\/span><\/a><\/p>\n","protected":false},"featured_media":2536,"template":"","meta":{"inline_featured_image":false},"product_cat":[19],"product_tag":[],"color":[47],"region":[44],"use":[32,33],"varietal":[70],"class_list":{"0":"post-2056","1":"product","2":"type-product","3":"status-publish","4":"has-post-thumbnail","6":"product_cat-corn","7":"color-cream","8":"region-usa_ca","9":"use-tortillas","10":"use-other-masa-dishes-tlayudas-gorditas-memelas-tostadas-sopes-tlacoyos","11":"varietal-santa-rosa","13":"first","14":"instock","15":"shipping-taxable","16":"purchasable","17":"product-type-simple"},"_links":{"self":[{"href":"https:\/\/tamoa.mx\/es\/wp-json\/wp\/v2\/product\/2056","targetHints":{"allow":["GET"]}}],"collection":[{"href":"https:\/\/tamoa.mx\/es\/wp-json\/wp\/v2\/product"}],"about":[{"href":"https:\/\/tamoa.mx\/es\/wp-json\/wp\/v2\/types\/product"}],"wp:featuredmedia":[{"embeddable":true,"href":"https:\/\/tamoa.mx\/es\/wp-json\/wp\/v2\/media\/2536"}],"wp:attachment":[{"href":"https:\/\/tamoa.mx\/es\/wp-json\/wp\/v2\/media?parent=2056"}],"wp:term":[{"taxonomy":"product_cat","embeddable":true,"href":"https:\/\/tamoa.mx\/es\/wp-json\/wp\/v2\/product_cat?post=2056"},{"taxonomy":"product_tag","embeddable":true,"href":"https:\/\/tamoa.mx\/es\/wp-json\/wp\/v2\/product_tag?post=2056"},{"taxonomy":"color","embeddable":true,"href":"https:\/\/tamoa.mx\/es\/wp-json\/wp\/v2\/color?post=2056"},{"taxonomy":"region","embeddable":true,"href":"https:\/\/tamoa.mx\/es\/wp-json\/wp\/v2\/region?post=2056"},{"taxonomy":"use","embeddable":true,"href":"https:\/\/tamoa.mx\/es\/wp-json\/wp\/v2\/use?post=2056"},{"taxonomy":"varietal","embeddable":true,"href":"https:\/\/tamoa.mx\/es\/wp-json\/wp\/v2\/varietal?post=2056"}],"curies":[{"name":"wp","href":"https:\/\/api.w.org\/{rel}","templated":true}]}}