{"id":458,"date":"2024-03-06T18:30:03","date_gmt":"2024-03-06T18:30:03","guid":{"rendered":"https:\/\/tamoa.mx\/\/?post_type=product&#038;p=458"},"modified":"2026-04-13T22:49:21","modified_gmt":"2026-04-13T22:49:21","slug":"lime","status":"publish","type":"product","link":"https:\/\/tamoa.mx\/es\/product\/lime\/","title":{"rendered":"Cal Viva"},"content":{"rendered":"<p><\/p>\n<ul>\n<li><strong>Nombre:<\/strong>\u00a0\u00f3xido de calcio<\/li>\n<li><strong>Peso neto por cubeta:<\/strong> 8.82 lb \/ 4 kg<\/li>\n<li><strong>Piedras calizas extra\u00eddas en:<\/strong> Tecali, Puebla<\/li>\n<li><strong>Cal viva producida por:<\/strong> <a href=\"https:\/\/oxical.mx\/\">Oxical<\/a><\/li>\n<li><strong>Pureza:<\/strong> 92-94%<\/li>\n<li><strong>Usos:<\/strong> nixtamalizaci\u00f3n del ma\u00edz<\/li>\n<\/ul>\n<p><\/p>","protected":false},"excerpt":{"rendered":"<p>Nombre:\u00a0\u00f3xido de calcio Peso neto por cubeta: 8.82 lb \/ 4 kg Piedras calizas extra\u00eddas en: Tecali, Puebla Cal viva producida por: Oxical Pureza: 92-94% Usos: nixtamalizaci\u00f3n del ma\u00edz<\/p>\n","protected":false},"featured_media":887,"template":"","meta":{"inline_featured_image":false},"product_cat":[24],"product_tag":[],"color":[49],"region":[44],"use":[32,33],"varietal":[],"class_list":{"0":"post-458","1":"product","2":"type-product","3":"status-publish","4":"has-post-thumbnail","6":"product_cat-cal","7":"color-white","8":"region-usa_ca","9":"use-tortillas","10":"use-other-masa-dishes-tlayudas-gorditas-memelas-tostadas-sopes-tlacoyos","12":"first","13":"instock","14":"shipping-taxable","15":"purchasable","16":"product-type-simple"},"_links":{"self":[{"href":"https:\/\/tamoa.mx\/es\/wp-json\/wp\/v2\/product\/458","targetHints":{"allow":["GET"]}}],"collection":[{"href":"https:\/\/tamoa.mx\/es\/wp-json\/wp\/v2\/product"}],"about":[{"href":"https:\/\/tamoa.mx\/es\/wp-json\/wp\/v2\/types\/product"}],"wp:featuredmedia":[{"embeddable":true,"href":"https:\/\/tamoa.mx\/es\/wp-json\/wp\/v2\/media\/887"}],"wp:attachment":[{"href":"https:\/\/tamoa.mx\/es\/wp-json\/wp\/v2\/media?parent=458"}],"wp:term":[{"taxonomy":"product_cat","embeddable":true,"href":"https:\/\/tamoa.mx\/es\/wp-json\/wp\/v2\/product_cat?post=458"},{"taxonomy":"product_tag","embeddable":true,"href":"https:\/\/tamoa.mx\/es\/wp-json\/wp\/v2\/product_tag?post=458"},{"taxonomy":"color","embeddable":true,"href":"https:\/\/tamoa.mx\/es\/wp-json\/wp\/v2\/color?post=458"},{"taxonomy":"region","embeddable":true,"href":"https:\/\/tamoa.mx\/es\/wp-json\/wp\/v2\/region?post=458"},{"taxonomy":"use","embeddable":true,"href":"https:\/\/tamoa.mx\/es\/wp-json\/wp\/v2\/use?post=458"},{"taxonomy":"varietal","embeddable":true,"href":"https:\/\/tamoa.mx\/es\/wp-json\/wp\/v2\/varietal?post=458"}],"curies":[{"name":"wp","href":"https:\/\/api.w.org\/{rel}","templated":true}]}}