{"id":644,"date":"2024-03-27T23:14:57","date_gmt":"2024-03-27T23:14:57","guid":{"rendered":"https:\/\/tamoa.mx\/?post_type=product&#038;p=644"},"modified":"2026-03-11T02:48:08","modified_gmt":"2026-03-11T02:48:08","slug":"chalqueno-cremoso","status":"publish","type":"product","link":"https:\/\/tamoa.mx\/es\/product\/chalqueno-cremoso\/","title":{"rendered":"Chalque\u00f1o Cremoso"},"content":{"rendered":"<p><\/p>\n<ul class=\"ul1\">\n<li><strong>Varietal:<\/strong> Chalque\u00f1o<\/li>\n<li><strong>Color:<\/strong> Cremoso<\/li>\n<li><strong>Peso neto por costal:<\/strong> 55.11 lb \/ 25 kg<\/li>\n<li><strong>Origen:<\/strong> Huehuecalco, Estado de M\u00e9xico<\/li>\n<li><strong>Familias:<\/strong> Ju\u00e1rez Mayorga, Ju\u00e1rez Garc\u00eda, Mayorga Rosas, Mayorga Jim\u00e9nez, Jim\u00e9nez Mayorga, Mayorga Valencia, Ram\u00edrez Jim\u00e9nez<\/li>\n<li><strong>Usos tradicionales:<\/strong> tortillas, atole, tamales, sopes<\/li>\n<\/ul>\n<p><\/p>","protected":false},"excerpt":{"rendered":"<p>Varietal: Chalque\u00f1o Color: Cremoso Peso neto por costal: 55.11 lb \/ 25 kg Origen: Huehuecalco, Estado de M\u00e9xico Familias: Ju\u00e1rez Mayorga, Ju\u00e1rez Garc\u00eda, Mayorga Rosas, Mayorga Jim\u00e9nez, Jim\u00e9nez Mayorga, Mayorga Valencia, Ram\u00edrez Jim\u00e9nez Usos tradicionales: tortillas, atole, tamales, sopes<\/p>\n","protected":false},"featured_media":645,"template":"","meta":{"inline_featured_image":false},"product_cat":[19],"product_tag":[],"color":[47],"region":[44],"use":[32,33,36],"varietal":[56],"class_list":{"0":"post-644","1":"product","2":"type-product","3":"status-publish","4":"has-post-thumbnail","6":"product_cat-corn","7":"color-cream","8":"region-usa_ca","9":"use-tortillas","10":"use-other-masa-dishes-tlayudas-gorditas-memelas-tostadas-sopes-tlacoyos","11":"use-drinks-atole-pinole-tejate-champurrado","12":"varietal-chalqueno","14":"first","15":"outofstock","16":"shipping-taxable","17":"purchasable","18":"product-type-simple"},"_links":{"self":[{"href":"https:\/\/tamoa.mx\/es\/wp-json\/wp\/v2\/product\/644","targetHints":{"allow":["GET"]}}],"collection":[{"href":"https:\/\/tamoa.mx\/es\/wp-json\/wp\/v2\/product"}],"about":[{"href":"https:\/\/tamoa.mx\/es\/wp-json\/wp\/v2\/types\/product"}],"wp:featuredmedia":[{"embeddable":true,"href":"https:\/\/tamoa.mx\/es\/wp-json\/wp\/v2\/media\/645"}],"wp:attachment":[{"href":"https:\/\/tamoa.mx\/es\/wp-json\/wp\/v2\/media?parent=644"}],"wp:term":[{"taxonomy":"product_cat","embeddable":true,"href":"https:\/\/tamoa.mx\/es\/wp-json\/wp\/v2\/product_cat?post=644"},{"taxonomy":"product_tag","embeddable":true,"href":"https:\/\/tamoa.mx\/es\/wp-json\/wp\/v2\/product_tag?post=644"},{"taxonomy":"color","embeddable":true,"href":"https:\/\/tamoa.mx\/es\/wp-json\/wp\/v2\/color?post=644"},{"taxonomy":"region","embeddable":true,"href":"https:\/\/tamoa.mx\/es\/wp-json\/wp\/v2\/region?post=644"},{"taxonomy":"use","embeddable":true,"href":"https:\/\/tamoa.mx\/es\/wp-json\/wp\/v2\/use?post=644"},{"taxonomy":"varietal","embeddable":true,"href":"https:\/\/tamoa.mx\/es\/wp-json\/wp\/v2\/varietal?post=644"}],"curies":[{"name":"wp","href":"https:\/\/api.w.org\/{rel}","templated":true}]}}