{"id":696,"date":"2024-04-01T18:18:08","date_gmt":"2024-04-01T18:18:08","guid":{"rendered":"https:\/\/tamoa.mx\/?post_type=product&#038;p=696"},"modified":"2025-07-04T20:12:00","modified_gmt":"2025-07-04T20:12:00","slug":"frijol-blanco","status":"publish","type":"product","link":"https:\/\/tamoa.mx\/es\/product\/frijol-blanco\/","title":{"rendered":"Frijol Blanco"},"content":{"rendered":"<p><\/p>\n<ul>\n<li><strong>Varietal:<\/strong> Blanco<\/li>\n<li><strong>C<\/strong><strong>olor:<\/strong> blanco<\/li>\n<li><strong>Peso neto por costal:<\/strong> 15 kg<\/li>\n<li><strong>Origen:<\/strong> Huamuchapa, Guerrero<\/li>\n<li><strong>Familias:<\/strong> Roque Casiano, Roque Carrillo, Solano Sim\u00f3n, Telesfor Teresa, Marcelino Cecilio, Carrillo Dieguez, Carrillo, Roque Telesfor, Alem\u00e1n Ayodoro, Carrillo Di\u00e9guez<\/li>\n<li><strong>Usos tradicionales:<\/strong> gorditas de frijol, frijol en caldo con hierba santa, frijol al mojo de ajo con chile rojo<\/li>\n<\/ul>\n<p><\/p>","protected":false},"excerpt":{"rendered":"<p>Varietal: Blanco Color: blanco Peso neto por costal: 15 kg Origen: Huamuchapa, Guerrero Familias: Roque Casiano, Roque Carrillo, Solano Sim\u00f3n, Telesfor Teresa, Marcelino Cecilio, Carrillo Dieguez, Carrillo, Roque Telesfor, Alem\u00e1n Ayodoro, Carrillo Di\u00e9guez Usos tradicionales: gorditas de frijol, frijol en caldo con hierba santa, frijol al mojo de ajo con chile rojo<\/p>\n","protected":false},"featured_media":698,"template":"","meta":{"inline_featured_image":false},"product_cat":[20],"product_tag":[],"color":[49],"region":[44,45],"use":[],"varietal":[],"class_list":{"0":"post-696","1":"product","2":"type-product","3":"status-publish","4":"has-post-thumbnail","6":"product_cat-bean","7":"color-white","8":"region-usa_ca","9":"region-mexico","11":"first","12":"outofstock","13":"shipping-taxable","14":"purchasable","15":"product-type-simple"},"_links":{"self":[{"href":"https:\/\/tamoa.mx\/es\/wp-json\/wp\/v2\/product\/696","targetHints":{"allow":["GET"]}}],"collection":[{"href":"https:\/\/tamoa.mx\/es\/wp-json\/wp\/v2\/product"}],"about":[{"href":"https:\/\/tamoa.mx\/es\/wp-json\/wp\/v2\/types\/product"}],"wp:featuredmedia":[{"embeddable":true,"href":"https:\/\/tamoa.mx\/es\/wp-json\/wp\/v2\/media\/698"}],"wp:attachment":[{"href":"https:\/\/tamoa.mx\/es\/wp-json\/wp\/v2\/media?parent=696"}],"wp:term":[{"taxonomy":"product_cat","embeddable":true,"href":"https:\/\/tamoa.mx\/es\/wp-json\/wp\/v2\/product_cat?post=696"},{"taxonomy":"product_tag","embeddable":true,"href":"https:\/\/tamoa.mx\/es\/wp-json\/wp\/v2\/product_tag?post=696"},{"taxonomy":"color","embeddable":true,"href":"https:\/\/tamoa.mx\/es\/wp-json\/wp\/v2\/color?post=696"},{"taxonomy":"region","embeddable":true,"href":"https:\/\/tamoa.mx\/es\/wp-json\/wp\/v2\/region?post=696"},{"taxonomy":"use","embeddable":true,"href":"https:\/\/tamoa.mx\/es\/wp-json\/wp\/v2\/use?post=696"},{"taxonomy":"varietal","embeddable":true,"href":"https:\/\/tamoa.mx\/es\/wp-json\/wp\/v2\/varietal?post=696"}],"curies":[{"name":"wp","href":"https:\/\/api.w.org\/{rel}","templated":true}]}}