{"id":731,"date":"2024-04-01T19:05:30","date_gmt":"2024-04-01T19:05:30","guid":{"rendered":"https:\/\/tamoa.mx\/?post_type=product&#038;p=731"},"modified":"2025-11-12T20:05:06","modified_gmt":"2025-11-12T20:05:06","slug":"frijol-negro","status":"publish","type":"product","link":"https:\/\/tamoa.mx\/es\/product\/frijol-negro\/","title":{"rendered":"Frijol Chaparro"},"content":{"rendered":"<p><\/p>\n<ul>\n<li><strong>Varietal:<\/strong> Negro<\/li>\n<li><strong>Nombre local:<\/strong> Chaparro<\/li>\n<li><strong>C<\/strong><strong>olor:<\/strong> negro<\/li>\n<li><strong>Peso neto por costal:<\/strong> 15 kg<\/li>\n<li><strong>Origen:<\/strong> Huamuchapa, Guerrero<\/li>\n<li><strong>Familias:<\/strong> Telesfor Teresa, Teresa Dolores, Alem\u00e1n Ayodoro, Campos Telesfor, Teresa Garc\u00eda, Solano Sim\u00f3n, Alem\u00e1n \u00c1vila, Secundino Telesfor<\/li>\n<li><strong>Usos tradicionales:<\/strong> frijoles con arroz, frijoles apozonque (caldo de frijol), frijol con chicharr\u00f3n de puerco, frijoles refritos, frijol de la olla<\/li>\n<\/ul>\n<p><\/p>","protected":false},"excerpt":{"rendered":"<p>Varietal: Negro Nombre local: Chaparro Color: negro Peso neto por costal: 15 kg Origen: Huamuchapa, Guerrero Familias: Telesfor Teresa, Teresa Dolores, Alem\u00e1n Ayodoro, Campos Telesfor, Teresa Garc\u00eda, Solano Sim\u00f3n, Alem\u00e1n \u00c1vila, Secundino Telesfor Usos tradicionales: frijoles con arroz, frijoles apozonque (caldo de frijol), frijol con chicharr\u00f3n de puerco, frijoles refritos, frijol de la olla<\/p>\n","protected":false},"featured_media":735,"template":"","meta":{"inline_featured_image":false},"product_cat":[20],"product_tag":[],"color":[51],"region":[44,45],"use":[],"varietal":[],"class_list":{"0":"post-731","1":"product","2":"type-product","3":"status-publish","4":"has-post-thumbnail","6":"product_cat-bean","7":"color-black","8":"region-usa_ca","9":"region-mexico","11":"first","12":"outofstock","13":"shipping-taxable","14":"purchasable","15":"product-type-simple"},"_links":{"self":[{"href":"https:\/\/tamoa.mx\/es\/wp-json\/wp\/v2\/product\/731","targetHints":{"allow":["GET"]}}],"collection":[{"href":"https:\/\/tamoa.mx\/es\/wp-json\/wp\/v2\/product"}],"about":[{"href":"https:\/\/tamoa.mx\/es\/wp-json\/wp\/v2\/types\/product"}],"wp:featuredmedia":[{"embeddable":true,"href":"https:\/\/tamoa.mx\/es\/wp-json\/wp\/v2\/media\/735"}],"wp:attachment":[{"href":"https:\/\/tamoa.mx\/es\/wp-json\/wp\/v2\/media?parent=731"}],"wp:term":[{"taxonomy":"product_cat","embeddable":true,"href":"https:\/\/tamoa.mx\/es\/wp-json\/wp\/v2\/product_cat?post=731"},{"taxonomy":"product_tag","embeddable":true,"href":"https:\/\/tamoa.mx\/es\/wp-json\/wp\/v2\/product_tag?post=731"},{"taxonomy":"color","embeddable":true,"href":"https:\/\/tamoa.mx\/es\/wp-json\/wp\/v2\/color?post=731"},{"taxonomy":"region","embeddable":true,"href":"https:\/\/tamoa.mx\/es\/wp-json\/wp\/v2\/region?post=731"},{"taxonomy":"use","embeddable":true,"href":"https:\/\/tamoa.mx\/es\/wp-json\/wp\/v2\/use?post=731"},{"taxonomy":"varietal","embeddable":true,"href":"https:\/\/tamoa.mx\/es\/wp-json\/wp\/v2\/varietal?post=731"}],"curies":[{"name":"wp","href":"https:\/\/api.w.org\/{rel}","templated":true}]}}