{"id":741,"date":"2024-04-01T20:26:53","date_gmt":"2024-04-01T20:26:53","guid":{"rendered":"https:\/\/tamoa.mx\/?post_type=product&#038;p=741"},"modified":"2026-03-11T03:01:40","modified_gmt":"2026-03-11T03:01:40","slug":"frijol-bayo","status":"publish","type":"product","link":"https:\/\/tamoa.mx\/es\/product\/frijol-bayo\/","title":{"rendered":"Frijol Bayo"},"content":{"rendered":"<p><\/p>\n<ul>\n<li><strong>Varietal:<\/strong> Bayo<\/li>\n<li><strong>C<\/strong><strong>olor:<\/strong> cremoso<\/li>\n<li><strong>Peso neto por costal:<\/strong> 15 kg<\/li>\n<li><strong>Origen:<\/strong> Ixtenco, Tlaxcala<\/li>\n<li><strong>Familias:<\/strong> Angoa y Gonz\u00e1lez, Cajero Cervantes, Angoa Dom\u00ednguez, Hern\u00e1ndez Vargas<\/li>\n<li><strong>Usos tradicionales:<\/strong> tlatloyos con hoja de aguacate, frijoles de olla, frijoles refritos, frijoles charros<\/li>\n<\/ul>\n<p><\/p>","protected":false},"excerpt":{"rendered":"<p>Varietal: Bayo Color: cremoso Peso neto por costal: 15 kg Origen: Ixtenco, Tlaxcala Familias: Angoa y Gonz\u00e1lez, Cajero Cervantes, Angoa Dom\u00ednguez, Hern\u00e1ndez Vargas Usos tradicionales: tlatloyos con hoja de aguacate, frijoles de olla, frijoles refritos, frijoles charros<\/p>\n","protected":false},"featured_media":742,"template":"","meta":{"inline_featured_image":false},"product_cat":[20],"product_tag":[],"color":[47],"region":[44,45],"use":[],"varietal":[],"class_list":{"0":"post-741","1":"product","2":"type-product","3":"status-publish","4":"has-post-thumbnail","6":"product_cat-bean","7":"color-cream","8":"region-usa_ca","9":"region-mexico","11":"first","12":"outofstock","13":"shipping-taxable","14":"purchasable","15":"product-type-simple"},"_links":{"self":[{"href":"https:\/\/tamoa.mx\/es\/wp-json\/wp\/v2\/product\/741","targetHints":{"allow":["GET"]}}],"collection":[{"href":"https:\/\/tamoa.mx\/es\/wp-json\/wp\/v2\/product"}],"about":[{"href":"https:\/\/tamoa.mx\/es\/wp-json\/wp\/v2\/types\/product"}],"wp:featuredmedia":[{"embeddable":true,"href":"https:\/\/tamoa.mx\/es\/wp-json\/wp\/v2\/media\/742"}],"wp:attachment":[{"href":"https:\/\/tamoa.mx\/es\/wp-json\/wp\/v2\/media?parent=741"}],"wp:term":[{"taxonomy":"product_cat","embeddable":true,"href":"https:\/\/tamoa.mx\/es\/wp-json\/wp\/v2\/product_cat?post=741"},{"taxonomy":"product_tag","embeddable":true,"href":"https:\/\/tamoa.mx\/es\/wp-json\/wp\/v2\/product_tag?post=741"},{"taxonomy":"color","embeddable":true,"href":"https:\/\/tamoa.mx\/es\/wp-json\/wp\/v2\/color?post=741"},{"taxonomy":"region","embeddable":true,"href":"https:\/\/tamoa.mx\/es\/wp-json\/wp\/v2\/region?post=741"},{"taxonomy":"use","embeddable":true,"href":"https:\/\/tamoa.mx\/es\/wp-json\/wp\/v2\/use?post=741"},{"taxonomy":"varietal","embeddable":true,"href":"https:\/\/tamoa.mx\/es\/wp-json\/wp\/v2\/varietal?post=741"}],"curies":[{"name":"wp","href":"https:\/\/api.w.org\/{rel}","templated":true}]}}