{"id":817,"date":"2024-04-02T22:44:16","date_gmt":"2024-04-02T22:44:16","guid":{"rendered":"https:\/\/tamoa.mx\/?post_type=product&#038;p=817"},"modified":"2026-04-13T20:02:41","modified_gmt":"2026-04-13T20:02:41","slug":"dark-chocolate","status":"publish","type":"product","link":"https:\/\/tamoa.mx\/es\/product\/dark-chocolate\/","title":{"rendered":"Chocolate Amargo"},"content":{"rendered":"<p><\/p>\n<ul>\n<li><strong>Ingredientes:<\/strong> 70% Cacao, 30% Piloncillo<\/li>\n<li><strong>Peso neto por caja:<\/strong> 4.4 lb \/ 2 kg<\/li>\n<li><strong>Proceso del cacao:<\/strong> fermentado (168 horas) y secado al sol<\/li>\n<li><strong>Chocolateros:<\/strong> <a href=\"https:\/\/www.instagram.com\/larifachocolateria\/?hl=en\">La Rifa Chocolater\u00eda<\/a><\/li>\n<li><strong>Productores de cacao:<\/strong> Alianza de Cacaoteros de la Selva Lacandona<\/li>\n<li><strong>Usos tradicionales:<\/strong> reposter\u00eda, panader\u00eda, o para comer a mordidas<\/li>\n<\/ul>\n<p><\/p>","protected":false},"excerpt":{"rendered":"<p>Ingredientes: 70% Cacao, 30% Piloncillo Peso neto por caja: 4.4 lb \/ 2 kg Proceso del cacao: fermentado (168 horas) y secado al sol Chocolateros: La Rifa Chocolater\u00eda Productores de cacao: Alianza de Cacaoteros de la Selva Lacandona Usos tradicionales: reposter\u00eda, panader\u00eda, o para comer a mordidas<\/p>\n","protected":false},"featured_media":1328,"template":"","meta":{"inline_featured_image":false},"product_cat":[22],"product_tag":[],"color":[41],"region":[44],"use":[],"varietal":[],"class_list":{"0":"post-817","1":"product","2":"type-product","3":"status-publish","4":"has-post-thumbnail","6":"product_cat-chocolate","7":"color-brown","8":"region-usa_ca","10":"first","11":"instock","12":"shipping-taxable","13":"purchasable","14":"product-type-simple"},"_links":{"self":[{"href":"https:\/\/tamoa.mx\/es\/wp-json\/wp\/v2\/product\/817","targetHints":{"allow":["GET"]}}],"collection":[{"href":"https:\/\/tamoa.mx\/es\/wp-json\/wp\/v2\/product"}],"about":[{"href":"https:\/\/tamoa.mx\/es\/wp-json\/wp\/v2\/types\/product"}],"wp:featuredmedia":[{"embeddable":true,"href":"https:\/\/tamoa.mx\/es\/wp-json\/wp\/v2\/media\/1328"}],"wp:attachment":[{"href":"https:\/\/tamoa.mx\/es\/wp-json\/wp\/v2\/media?parent=817"}],"wp:term":[{"taxonomy":"product_cat","embeddable":true,"href":"https:\/\/tamoa.mx\/es\/wp-json\/wp\/v2\/product_cat?post=817"},{"taxonomy":"product_tag","embeddable":true,"href":"https:\/\/tamoa.mx\/es\/wp-json\/wp\/v2\/product_tag?post=817"},{"taxonomy":"color","embeddable":true,"href":"https:\/\/tamoa.mx\/es\/wp-json\/wp\/v2\/color?post=817"},{"taxonomy":"region","embeddable":true,"href":"https:\/\/tamoa.mx\/es\/wp-json\/wp\/v2\/region?post=817"},{"taxonomy":"use","embeddable":true,"href":"https:\/\/tamoa.mx\/es\/wp-json\/wp\/v2\/use?post=817"},{"taxonomy":"varietal","embeddable":true,"href":"https:\/\/tamoa.mx\/es\/wp-json\/wp\/v2\/varietal?post=817"}],"curies":[{"name":"wp","href":"https:\/\/api.w.org\/{rel}","templated":true}]}}