{"id":928,"date":"2024-04-11T22:48:55","date_gmt":"2024-04-11T22:48:55","guid":{"rendered":"https:\/\/tamoa.mx\/?post_type=product&#038;p=928"},"modified":"2026-03-11T02:50:20","modified_gmt":"2026-03-11T02:50:20","slug":"conico-azul","status":"publish","type":"product","link":"https:\/\/tamoa.mx\/es\/product\/conico-azul\/","title":{"rendered":"C\u00f3nico Azul (Estado de M\u00e9xico)"},"content":{"rendered":"<p><\/p>\n<ul class=\"ul1\">\n<li><strong>Varietal:<\/strong> C\u00f3nico<\/li>\n<li><strong>Color:<\/strong> Azul<\/li>\n<li><strong>Peso neto por costal:<\/strong> 55.11 lb \/ 25 kg<\/li>\n<li><strong>Origen: <\/strong>Santa Clara de Ju\u00e1rez, Calimaya y San Felipe del Progreso, Estado de M\u00e9xico<\/li>\n<li><strong>Familias:<\/strong> Muci\u00f1o, Reyes, Ovando<\/li>\n<li><strong>Usos tradicionales:<\/strong> tlacoyos, tortillas, pinole, atole<\/li>\n<\/ul>\n<p><\/p>","protected":false},"excerpt":{"rendered":"<p>Varietal: C\u00f3nico Color: Azul Peso neto por costal: 55.11 lb \/ 25 kg Origen: Santa Clara de Ju\u00e1rez, Calimaya y San Felipe del Progreso, Estado de M\u00e9xico Familias: Muci\u00f1o, Reyes, Ovando Usos tradicionales: tlacoyos, tortillas, pinole, atole<\/p>\n","protected":false},"featured_media":929,"template":"","meta":{"inline_featured_image":false},"product_cat":[19],"product_tag":[],"color":[48],"region":[44,45],"use":[32,33,36],"varietal":[55],"class_list":{"0":"post-928","1":"product","2":"type-product","3":"status-publish","4":"has-post-thumbnail","6":"product_cat-corn","7":"color-blue","8":"region-usa_ca","9":"region-mexico","10":"use-tortillas","11":"use-other-masa-dishes-tlayudas-gorditas-memelas-tostadas-sopes-tlacoyos","12":"use-drinks-atole-pinole-tejate-champurrado","13":"varietal-conico","15":"first","16":"outofstock","17":"shipping-taxable","18":"purchasable","19":"product-type-simple"},"_links":{"self":[{"href":"https:\/\/tamoa.mx\/es\/wp-json\/wp\/v2\/product\/928","targetHints":{"allow":["GET"]}}],"collection":[{"href":"https:\/\/tamoa.mx\/es\/wp-json\/wp\/v2\/product"}],"about":[{"href":"https:\/\/tamoa.mx\/es\/wp-json\/wp\/v2\/types\/product"}],"wp:featuredmedia":[{"embeddable":true,"href":"https:\/\/tamoa.mx\/es\/wp-json\/wp\/v2\/media\/929"}],"wp:attachment":[{"href":"https:\/\/tamoa.mx\/es\/wp-json\/wp\/v2\/media?parent=928"}],"wp:term":[{"taxonomy":"product_cat","embeddable":true,"href":"https:\/\/tamoa.mx\/es\/wp-json\/wp\/v2\/product_cat?post=928"},{"taxonomy":"product_tag","embeddable":true,"href":"https:\/\/tamoa.mx\/es\/wp-json\/wp\/v2\/product_tag?post=928"},{"taxonomy":"color","embeddable":true,"href":"https:\/\/tamoa.mx\/es\/wp-json\/wp\/v2\/color?post=928"},{"taxonomy":"region","embeddable":true,"href":"https:\/\/tamoa.mx\/es\/wp-json\/wp\/v2\/region?post=928"},{"taxonomy":"use","embeddable":true,"href":"https:\/\/tamoa.mx\/es\/wp-json\/wp\/v2\/use?post=928"},{"taxonomy":"varietal","embeddable":true,"href":"https:\/\/tamoa.mx\/es\/wp-json\/wp\/v2\/varietal?post=928"}],"curies":[{"name":"wp","href":"https:\/\/api.w.org\/{rel}","templated":true}]}}