{"id":990,"date":"2024-04-16T00:08:59","date_gmt":"2024-04-16T00:08:59","guid":{"rendered":"https:\/\/tamoa.mx\/?post_type=product&#038;p=990"},"modified":"2026-03-11T02:53:02","modified_gmt":"2026-03-11T02:53:02","slug":"conico-rosa","status":"publish","type":"product","link":"https:\/\/tamoa.mx\/es\/product\/conico-rosa\/","title":{"rendered":"C\u00f3nico Rosa"},"content":{"rendered":"<p><\/p>\n<ul class=\"ul1\">\n<li class=\"li1\"><strong>Varietal:<\/strong> C\u00f3nico<\/li>\n<li class=\"li1\"><strong>Color:<\/strong> Rosa<\/li>\n<li class=\"li1\"><strong>Peso neto por costal:<\/strong> 55.11 lb \/ 25 kg<\/li>\n<li class=\"li1\"><strong>Origen:<\/strong> Ixtenco y Huamantla, Tlaxcala<\/li>\n<li class=\"li1\"><strong>Familias: <\/strong>Angoa Garc\u00eda, Esteban Zempoalteca, Hern\u00e1ndez D\u00edaz<\/li>\n<li class=\"li1\"><strong>Usos tradicionales:<\/strong> tortillas, pinole, atole, sopes<\/li>\n<\/ul>\n<ul class=\"ul1\">\n<li class=\"li1\"><strong>Varietal:<\/strong> C\u00f3nico<\/li>\n<li class=\"li1\"><strong>Color:<\/strong> Rosa<\/li>\n<li class=\"li1\"><strong>Peso neto por costal:<\/strong> 55.11 lb \/ 25 kg<\/li>\n<li class=\"li1\"><strong>Origen:<\/strong> Ixtenco y Huamantla, Tlaxcala<\/li>\n<li class=\"li1\"><strong>Familias: <\/strong>Angoa Garc\u00eda, Esteban Zempoalteca, Hern\u00e1ndez D\u00edaz<\/li>\n<li class=\"li1\"><strong>Usos tradicionales:<\/strong> tortillas, pinole, atole, sopes<\/li>\n<\/ul>\n<p><\/p>","protected":false},"excerpt":{"rendered":"<p>Varietal: C\u00f3nico Color: Rosa Peso neto por costal: 55.11 lb \/ 25 kg Origen: Ixtenco y Huamantla, Tlaxcala Familias: Angoa Garc\u00eda, Esteban Zempoalteca, Hern\u00e1ndez D\u00edaz Usos tradicionales: tortillas, pinole, atole, sopes Varietal: C\u00f3nico Color: Rosa Peso neto por costal: 55.11 lb \/ 25 kg Origen: Ixtenco y Huamantla, Tlaxcala Familias: Angoa Garc\u00eda, Esteban Zempoalteca, Hern\u00e1ndez &hellip; <a href=\"https:\/\/tamoa.mx\/es\/product\/conico-rosa\/\" class=\"more-link\">Continue reading <span class=\"screen-reader-text\">C\u00f3nico Rosa<\/span><\/a><\/p>\n","protected":false},"featured_media":2871,"template":"","meta":{"inline_featured_image":false},"product_cat":[19],"product_tag":[],"color":[40],"region":[44,45],"use":[32,33,36],"varietal":[55],"class_list":{"0":"post-990","1":"product","2":"type-product","3":"status-publish","4":"has-post-thumbnail","6":"product_cat-corn","7":"color-pink","8":"region-usa_ca","9":"region-mexico","10":"use-tortillas","11":"use-other-masa-dishes-tlayudas-gorditas-memelas-tostadas-sopes-tlacoyos","12":"use-drinks-atole-pinole-tejate-champurrado","13":"varietal-conico","15":"first","16":"instock","17":"shipping-taxable","18":"purchasable","19":"product-type-simple"},"_links":{"self":[{"href":"https:\/\/tamoa.mx\/es\/wp-json\/wp\/v2\/product\/990","targetHints":{"allow":["GET"]}}],"collection":[{"href":"https:\/\/tamoa.mx\/es\/wp-json\/wp\/v2\/product"}],"about":[{"href":"https:\/\/tamoa.mx\/es\/wp-json\/wp\/v2\/types\/product"}],"wp:featuredmedia":[{"embeddable":true,"href":"https:\/\/tamoa.mx\/es\/wp-json\/wp\/v2\/media\/2871"}],"wp:attachment":[{"href":"https:\/\/tamoa.mx\/es\/wp-json\/wp\/v2\/media?parent=990"}],"wp:term":[{"taxonomy":"product_cat","embeddable":true,"href":"https:\/\/tamoa.mx\/es\/wp-json\/wp\/v2\/product_cat?post=990"},{"taxonomy":"product_tag","embeddable":true,"href":"https:\/\/tamoa.mx\/es\/wp-json\/wp\/v2\/product_tag?post=990"},{"taxonomy":"color","embeddable":true,"href":"https:\/\/tamoa.mx\/es\/wp-json\/wp\/v2\/color?post=990"},{"taxonomy":"region","embeddable":true,"href":"https:\/\/tamoa.mx\/es\/wp-json\/wp\/v2\/region?post=990"},{"taxonomy":"use","embeddable":true,"href":"https:\/\/tamoa.mx\/es\/wp-json\/wp\/v2\/use?post=990"},{"taxonomy":"varietal","embeddable":true,"href":"https:\/\/tamoa.mx\/es\/wp-json\/wp\/v2\/varietal?post=990"}],"curies":[{"name":"wp","href":"https:\/\/api.w.org\/{rel}","templated":true}]}}