{"id":998,"date":"2024-04-16T00:14:11","date_gmt":"2024-04-16T00:14:11","guid":{"rendered":"https:\/\/tamoa.mx\/?post_type=product&#038;p=998"},"modified":"2026-04-11T00:54:24","modified_gmt":"2026-04-11T00:54:24","slug":"conico-morado","status":"publish","type":"product","link":"https:\/\/tamoa.mx\/es\/product\/conico-morado\/","title":{"rendered":"C\u00f3nico Morado"},"content":{"rendered":"<p><\/p>\n<ul>\n<li><strong>Varietal:<\/strong> C\u00f3nico<\/li>\n<li><strong>Color:<\/strong> Morado<\/li>\n<li><strong>Peso neto por costal:<\/strong> 55.11 lb \/ 25 kg<\/li>\n<li><strong>Origen:<\/strong> Ixtenco y Huamantla, Tlaxcala<\/li>\n<li><strong>Familias:<\/strong> Angoa Garc\u00eda, Esteban Zempoalteca, Hern\u00e1ndez D\u00edaz<\/li>\n<li><strong>Usos tradicionales:<\/strong> atole agrio, tortillas, tostadas, gorditas, sopes, pinole<\/li>\n<\/ul>\n<p><\/p>","protected":false},"excerpt":{"rendered":"<p>Varietal: C\u00f3nico Color: Morado Peso neto por costal: 55.11 lb \/ 25 kg Origen: Ixtenco y Huamantla, Tlaxcala Familias: Angoa Garc\u00eda, Esteban Zempoalteca, Hern\u00e1ndez D\u00edaz Usos tradicionales: atole agrio, tortillas, tostadas, gorditas, sopes, pinole<\/p>\n","protected":false},"featured_media":999,"template":"","meta":{"inline_featured_image":false},"product_cat":[19],"product_tag":[],"color":[57],"region":[44],"use":[32,33,36],"varietal":[55],"class_list":{"0":"post-998","1":"product","2":"type-product","3":"status-publish","4":"has-post-thumbnail","6":"product_cat-corn","7":"color-purple","8":"region-usa_ca","9":"use-tortillas","10":"use-other-masa-dishes-tlayudas-gorditas-memelas-tostadas-sopes-tlacoyos","11":"use-drinks-atole-pinole-tejate-champurrado","12":"varietal-conico","14":"first","15":"instock","16":"shipping-taxable","17":"purchasable","18":"product-type-simple"},"_links":{"self":[{"href":"https:\/\/tamoa.mx\/es\/wp-json\/wp\/v2\/product\/998","targetHints":{"allow":["GET"]}}],"collection":[{"href":"https:\/\/tamoa.mx\/es\/wp-json\/wp\/v2\/product"}],"about":[{"href":"https:\/\/tamoa.mx\/es\/wp-json\/wp\/v2\/types\/product"}],"wp:featuredmedia":[{"embeddable":true,"href":"https:\/\/tamoa.mx\/es\/wp-json\/wp\/v2\/media\/999"}],"wp:attachment":[{"href":"https:\/\/tamoa.mx\/es\/wp-json\/wp\/v2\/media?parent=998"}],"wp:term":[{"taxonomy":"product_cat","embeddable":true,"href":"https:\/\/tamoa.mx\/es\/wp-json\/wp\/v2\/product_cat?post=998"},{"taxonomy":"product_tag","embeddable":true,"href":"https:\/\/tamoa.mx\/es\/wp-json\/wp\/v2\/product_tag?post=998"},{"taxonomy":"color","embeddable":true,"href":"https:\/\/tamoa.mx\/es\/wp-json\/wp\/v2\/color?post=998"},{"taxonomy":"region","embeddable":true,"href":"https:\/\/tamoa.mx\/es\/wp-json\/wp\/v2\/region?post=998"},{"taxonomy":"use","embeddable":true,"href":"https:\/\/tamoa.mx\/es\/wp-json\/wp\/v2\/use?post=998"},{"taxonomy":"varietal","embeddable":true,"href":"https:\/\/tamoa.mx\/es\/wp-json\/wp\/v2\/varietal?post=998"}],"curies":[{"name":"wp","href":"https:\/\/api.w.org\/{rel}","templated":true}]}}